{"id":3251,"date":"2017-05-26T19:15:58","date_gmt":"2017-05-26T17:15:58","guid":{"rendered":"http:\/\/www.valentini-group.com\/es\/?page_id=3251"},"modified":"2017-05-26T19:15:58","modified_gmt":"2017-05-26T17:15:58","slug":"contactos","status":"publish","type":"page","link":"https:\/\/www.valentini-group.com\/es\/contactos\/","title":{"rendered":"Contactos"},"content":{"rendered":"<div class=\"container\">\r\n<div class=\"row\">\r\n<div class=\"col-md-8\">\r\nValentini Antonio Srl &#8211; Via Borgo Padova 126, 35012 Camposampiero PD &#8211; Italy\r\n<br>\r\n<iframe src=\"https:\/\/www.google.com\/maps\/embed?pb=!1m18!1m12!1m3!1d3252.340197983565!2d11.924863315838254!3d45.55119697910204!2m3!1f0!2f0!3f0!3m2!1i1024!2i768!4f13.1!3m3!1m2!1s0x0%3A0x0!2zNDXCsDMzJzA0LjMiTiAxMcKwNTUnMzcuNCJF!5e1!3m2!1sit!2sit!4v1481110371204\" width=\"100%\" height=\"400\" frameborder=\"0\" style=\"border:0\" allowfullscreen><\/iframe>\r\n<br><br>\r\n\r\n<h3>P\u00f3ngase en contacto con nosotros para cualquier solicitud<\/h3>\r\n<div role=\"form\" class=\"wpcf7\" id=\"wpcf7-f3250-o1\" lang=\"it-IT\" dir=\"ltr\">\n<div class=\"screen-reader-response\"><\/div>\n<form action=\"\/es\/wp-json\/wp\/v2\/pages\/3251#wpcf7-f3250-o1\" method=\"post\" class=\"wpcf7-form\" novalidate=\"novalidate\">\n<div style=\"display: none;\">\n<input type=\"hidden\" name=\"_wpcf7\" value=\"3250\" \/>\n<input type=\"hidden\" name=\"_wpcf7_version\" value=\"4.5.1\" \/>\n<input type=\"hidden\" name=\"_wpcf7_locale\" value=\"it_IT\" \/>\n<input type=\"hidden\" name=\"_wpcf7_unit_tag\" value=\"wpcf7-f3250-o1\" \/>\n<input type=\"hidden\" name=\"_wpnonce\" value=\"5060deca2a\" \/>\n<\/div>\n<div class=\"row\">\n<div class=\"col-md-6\">\n<p>Nombre<br \/>\n    <span class=\"wpcf7-form-control-wrap your-name\"><input type=\"text\" name=\"your-name\" value=\"\" size=\"40\" class=\"wpcf7-form-control wpcf7-text wpcf7-validates-as-required\" aria-required=\"true\" aria-invalid=\"false\" \/><\/span> <\/p>\n<\/div>\n<div class=\"col-md-6\">\n<p>Apellido<br \/>\n    <span class=\"wpcf7-form-control-wrap your-surname\"><input type=\"text\" name=\"your-surname\" value=\"\" size=\"40\" class=\"wpcf7-form-control wpcf7-text wpcf7-validates-as-required\" aria-required=\"true\" aria-invalid=\"false\" \/><\/span> <\/p>\n<\/div>\n<\/div>\n<div class=\"row\">\n<div class=\"col-md-6\">\n<p>Empresa<br \/>\n    <span class=\"wpcf7-form-control-wrap your-ditta\"><input type=\"text\" name=\"your-ditta\" value=\"\" size=\"40\" class=\"wpcf7-form-control wpcf7-text\" aria-invalid=\"false\" \/><\/span> <\/p>\n<\/div>\n<div class=\"col-md-6\">\n<p>Direcci\u00f3n<br \/>\n    <span class=\"wpcf7-form-control-wrap your-indirizzo\"><input type=\"text\" name=\"your-indirizzo\" value=\"\" size=\"40\" class=\"wpcf7-form-control wpcf7-text\" aria-invalid=\"false\" \/><\/span> <\/p>\n<\/div>\n<\/div>\n<div class=\"row\">\n<div class=\"col-md-6\">\n<p>Ciudad<br \/>\n    <span class=\"wpcf7-form-control-wrap your-citta\"><input type=\"text\" name=\"your-citta\" value=\"\" size=\"40\" class=\"wpcf7-form-control wpcf7-text wpcf7-validates-as-required\" aria-required=\"true\" aria-invalid=\"false\" \/><\/span> <\/p>\n<\/div>\n<div class=\"col-md-6\">\n<p>C\u00f3digo postal<br \/>\n    <span class=\"wpcf7-form-control-wrap your-cap\"><input type=\"text\" name=\"your-cap\" value=\"\" size=\"40\" class=\"wpcf7-form-control wpcf7-text wpcf7-validates-as-required\" aria-required=\"true\" aria-invalid=\"false\" \/><\/span> <\/p>\n<\/div>\n<\/div>\n<div class=\"row\">\n<div class=\"col-md-6\">\n<p>Provincia<br \/>\n    <span class=\"wpcf7-form-control-wrap your-provincia\"><input type=\"text\" name=\"your-provincia\" value=\"\" size=\"40\" class=\"wpcf7-form-control wpcf7-text wpcf7-validates-as-required\" aria-required=\"true\" aria-invalid=\"false\" \/><\/span> <\/p>\n<\/div>\n<div class=\"col-md-6\">\n<p>Pa\u00eds<br \/>\n    <span class=\"wpcf7-form-control-wrap your-nazione\"><input type=\"text\" name=\"your-nazione\" value=\"\" size=\"40\" class=\"wpcf7-form-control wpcf7-text wpcf7-validates-as-required\" aria-required=\"true\" aria-invalid=\"false\" \/><\/span> <\/p>\n<\/div>\n<\/div>\n<div class=\"row\">\n<div class=\"col-md-6\">\n<p>Tel\u00e9fono<br \/>\n    <span class=\"wpcf7-form-control-wrap your-telefono\"><input type=\"text\" name=\"your-telefono\" value=\"\" size=\"40\" class=\"wpcf7-form-control wpcf7-text wpcf7-validates-as-required\" aria-required=\"true\" aria-invalid=\"false\" \/><\/span> <\/p>\n<\/div>\n<div class=\"col-md-6\">\n<p>Email<br \/>\n    <span class=\"wpcf7-form-control-wrap your-email\"><input type=\"email\" name=\"your-email\" value=\"\" size=\"40\" class=\"wpcf7-form-control wpcf7-text wpcf7-email wpcf7-validates-as-required wpcf7-validates-as-email\" aria-required=\"true\" aria-invalid=\"false\" \/><\/span> <\/p>\n<\/div>\n<\/div>\n<p><span class=\"wpcf7-form-control-wrap checkbox-22\"><span class=\"wpcf7-form-control wpcf7-checkbox\"><span class=\"wpcf7-list-item first last\"><label><input type=\"checkbox\" name=\"checkbox-22[]\" value=\"Quiero recibir m\u00e1s informaci\u00f3n acerca de su producci\u00f3n\" \/>&nbsp;<span class=\"wpcf7-list-item-label\">Quiero recibir m\u00e1s informaci\u00f3n acerca de su producci\u00f3n<\/span><\/label><\/span><\/span><\/span><br \/>\n<span class=\"wpcf7-form-control-wrap checkbox-23\"><span class=\"wpcf7-form-control wpcf7-checkbox\"><span class=\"wpcf7-list-item first last\"><label><input type=\"checkbox\" name=\"checkbox-23[]\" value=\"Quiero saber su distribuidor m\u00e1s cercano\" \/>&nbsp;<span class=\"wpcf7-list-item-label\">Quiero saber su distribuidor m\u00e1s cercano<\/span><\/label><\/span><\/span><\/span><\/p>\n<p>I'm<\/p>\n<div class=\"row\">\n<div class=\"col-md-6\">\n<span class=\"wpcf7-form-control-wrap radio-318\"><span class=\"wpcf7-form-control wpcf7-radio\"><span class=\"wpcf7-list-item first\"><label><input type=\"radio\" name=\"radio-318\" value=\"Agricultor\" checked=\"checked\" \/>&nbsp;<span class=\"wpcf7-list-item-label\">Agricultor<\/span><\/label><\/span><span class=\"wpcf7-list-item\"><label><input type=\"radio\" name=\"radio-318\" value=\"Revendedores\" \/>&nbsp;<span class=\"wpcf7-list-item-label\">Revendedores<\/span><\/label><\/span><span class=\"wpcf7-list-item\"><label><input type=\"radio\" name=\"radio-318\" value=\"Distribuidor\" \/>&nbsp;<span class=\"wpcf7-list-item-label\">Distribuidor<\/span><\/label><\/span><span class=\"wpcf7-list-item last\"><label><input type=\"radio\" name=\"radio-318\" value=\"Otra (especificar)\" \/>&nbsp;<span class=\"wpcf7-list-item-label\">Otra (especificar)<\/span><\/label><\/span><\/span><\/span>\n<\/div>\n<div class=\"col-md-6\">\n<p>\n    <span class=\"wpcf7-form-control-wrap your-altro\"><input type=\"text\" name=\"your-altro\" value=\"\" size=\"40\" class=\"wpcf7-form-control wpcf7-text\" aria-invalid=\"false\" \/><\/span> <\/p>\n<\/div>\n<\/div>\n<p>Tu mensaje<br \/>\n    <span class=\"wpcf7-form-control-wrap your-message\"><textarea name=\"your-message\" cols=\"40\" rows=\"10\" class=\"wpcf7-form-control wpcf7-textarea\" aria-invalid=\"false\"><\/textarea><\/span> <\/p>\n<p class=\"privacy\">La empresa abajo firmante proporciona, a continuaci\u00f3n, la informaci\u00f3n concerniente al uso de los datos personales facilitados por Usted a trav\u00e9s de la cumplimentaci\u00f3n de este formulario, en cumplimiento de las normas referidas en el Reglamento UE 2016\/679, correspondiente a la protecci\u00f3n de las personas f\u00edsicas en relaci\u00f3n con el tratamiento de los datos personales, as\u00ed como a la libre circulaci\u00f3n de dichos datos (conocido tambi\u00e9n como GDPR). Los datos concernientes a Su persona facilitados espont\u00e1neamente por Usted rellenando los m\u00f3dulos inform\u00e1ticos, son recogidos exclusivamente para autorizar el contacto con la empresa y, de ser necesario, activar el contrato cerrado con Usted. La comunicaci\u00f3n, por su parte, de los datos en cuesti\u00f3n es obligatoria; si rechaza dar estos datos, no podremos ofrecerle el producto\/servicio que nos ha solicitado (quedando expuesto, potencialmente, a responsabilidad por incumplimiento contractual) y, de cualquier forma, tramitar su solicitud. En el seno de nuestra estructura solo podr\u00e1 venir en conocimiento de los datos el personal encargado de efectuar las operaciones de tratamiento de dichos datos, y siempre para las finalidades citadas. Adem\u00e1s, le recordamos que, realizando una solicitud oportuna al titular del tratamiento, podr\u00e1 ejercer todos los derechos previstos por los art\u00edculos del 15 al 22 del Reglamento UE, que le permiten, en particular, la facultad de solicitar el acceso a los datos personales y obtener una copia (art. 15 GDPR), la rectificaci\u00f3n (art. 16 GDPR) y la anulaci\u00f3n de los mismos (art. 17 GDPR), la limitaci\u00f3n del tratamiento que le concierna (art. 18 GDPR), la portabilidad de los datos (art. 20 GDPR, de cumplirse las condiciones) y de oponerse al tratamiento que le concierna (art. 21 y 22 GDPR), para los casos aqu\u00ed mencionados y, en particular, al tratamiento para finalidades de marketing o que se traduzca en un proceso de toma de decisiones automatizado, incluida la elaboraci\u00f3n de perfiles, que produzca efectos jur\u00eddicos que le conciernan, de cumplirse las condiciones). Le recordamos, asimismo, su derecho, cuando el tratamiento est\u00e9 basado en el consentimiento, a revocar dicho consentimiento en cualquier momento, sin perjudicar la licitud del tratamiento basada en el consentimiento prestado antes de la revocaci\u00f3n; para ello, puede desinscribirse en cualquier momento poni\u00e9ndose en contacto con el titular del tratamiento a las direcciones publicadas en el sitio web. Le informamos, asimismo, del derecho a proponer una reclamaci\u00f3n a la Autoridad Garante para la Protecci\u00f3n de los Datos personales, como autoridad de control que act\u00faa en Italia, y a proponer un recurso judicial, tanto contra una decisi\u00f3n de la Autoridad Garante, como con respecto al titular del tratamiento y\/o a un responsable del tratamiento.\n<\/p>\n<p><span class=\"wpcf7-form-control-wrap acceptance-851\"><input type=\"checkbox\" name=\"acceptance-851\" value=\"1\" class=\"wpcf7-form-control wpcf7-acceptance\" aria-invalid=\"false\" \/><\/span> Estoy de acuerdo con el tratamiento de mis datos personales<\/p>\n<p><input type=\"submit\" value=\"Enviar\" class=\"wpcf7-form-control wpcf7-submit\" \/><\/p>\n<div class=\"wpcf7-response-output wpcf7-display-none\"><\/div><\/form><\/div>\r\n\r\n<\/div>\r\n<div class=\"col-md-4\">\r\n<h3>Contactos directos<\/h3>\r\n<strong>Las ventas en Italia: <\/strong><br>\r\n<a href=\"mailto:commerciale@valentini-group.com\">commerciale@valentini-group.com<\/a><br><br>\r\n\r\n\r\n<strong>Oficina de ventas en el extranjero: <\/strong><br>\r\n<a href=\"mailto:sales@valentini-group.com\">sales@valentini-group.com<\/a>\r\n\r\n<\/div>\r\n<\/div>\r\n<\/div>","protected":false},"excerpt":{"rendered":"<p>Valentini Antonio Srl &#8211; Via Borgo Padova 126, 35012 Camposampiero PD &#8211; Italy P\u00f3ngase en contacto con nosotros para cualquier solicitud Contactos directos Las ventas en Italia: commerciale@valentini-group.com Oficina de ventas en el extranjero: sales@valentini-group.com<\/p>\n","protected":false},"author":1,"featured_media":0,"parent":0,"menu_order":0,"comment_status":"closed","ping_status":"closed","template":"page-home.php","meta":[],"_links":{"self":[{"href":"https:\/\/www.valentini-group.com\/es\/wp-json\/wp\/v2\/pages\/3251"}],"collection":[{"href":"https:\/\/www.valentini-group.com\/es\/wp-json\/wp\/v2\/pages"}],"about":[{"href":"https:\/\/www.valentini-group.com\/es\/wp-json\/wp\/v2\/types\/page"}],"author":[{"embeddable":true,"href":"https:\/\/www.valentini-group.com\/es\/wp-json\/wp\/v2\/users\/1"}],"replies":[{"embeddable":true,"href":"https:\/\/www.valentini-group.com\/es\/wp-json\/wp\/v2\/comments?post=3251"}],"version-history":[{"count":1,"href":"https:\/\/www.valentini-group.com\/es\/wp-json\/wp\/v2\/pages\/3251\/revisions"}],"predecessor-version":[{"id":3252,"href":"https:\/\/www.valentini-group.com\/es\/wp-json\/wp\/v2\/pages\/3251\/revisions\/3252"}],"wp:attachment":[{"href":"https:\/\/www.valentini-group.com\/es\/wp-json\/wp\/v2\/media?parent=3251"}],"curies":[{"name":"wp","href":"https:\/\/api.w.org\/{rel}","templated":true}]}}