{"id":3200,"date":"2017-05-26T16:33:25","date_gmt":"2017-05-26T14:33:25","guid":{"rendered":"http:\/\/www.valentini-group.com\/es\/?page_id=3200"},"modified":"2017-05-26T16:33:25","modified_gmt":"2017-05-26T14:33:25","slug":"sobre-nosotros","status":"publish","type":"page","link":"https:\/\/www.valentini-group.com\/es\/sobre-nosotros\/","title":{"rendered":"Sobre Nosotros"},"content":{"rendered":"Desde mediados de los a\u00f1os 70, la \u00e9poca de la fundaci\u00f3n de la empresa, la marca VALENTINI ANTONIO SRL est\u00e1 relacionado con el mundo de la agricultura y la construcci\u00f3n profesionales.\r\nLa misi\u00f3n de la empresa siempre ha sido la de crear autom\u00f3viles eficientes y duraderos, fiables y f\u00e1ciles de usar capaz de satisfacer a los clientes m\u00e1s exigentes.\r\nCon los a\u00f1os, la VALENTINI ANTONIO SRL est\u00e1 especializada en la producci\u00f3n de cuatro l\u00edneas de m\u00e1quinas, que se pueden encontrar en el sitio.\r\n\r\nAntonio Valentini naci\u00f3 en 1949 en Camposampiero, Padova, de una familia de agricultores.\r\nDespu\u00e9s de varios eperienze trabajo se dedica a la fabricaci\u00f3n de maquinaria agr\u00edcola especial y personalizada: cada idea ten\u00eda que convertirse en un proyecto y luego una m\u00e1quina del tiempo corto, a continuaci\u00f3n, despu\u00e9s de unos a\u00f1os Valentini comienza la venta de m\u00e1quinas totalmente dise\u00f1ados por \u00e9l.\r\n\r\nHasta la fecha, despu\u00e9s de una mentalidad empresarial y el sue\u00f1o es siempre el mismo, el de proporcionar al cliente la m\u00e1s alta calidad, el m\u00e1ximo rendimiento y toda la ayuda que necesita. Y no s\u00f3lo para desarrollar nuevos proyectos e innovar cada vez m\u00e1s para mejorar y para crear el nuevo incluso para diferentes sectores.\r\n<div class=\"row\" style=\"margin-top: 30px;\">\r\n<div class=\"col-md-4\" style=\"text-align: center;\"><img class=\"img-responsive aligncenter\" src=\"https:\/\/www.valentini-group.com\/wp-content\/uploads\/2016\/08\/antonio.jpg\" alt=\"antonio\" \/><\/div>\r\n<\/div>","protected":false},"excerpt":{"rendered":"<p>Desde mediados de los a\u00f1os 70, la \u00e9poca de la fundaci\u00f3n de la empresa, la marca VALENTINI ANTONIO SRL est\u00e1 relacionado con el mundo de la agricultura y la construcci\u00f3n profesionales. La misi\u00f3n de la empresa siempre ha sido la de crear autom\u00f3viles eficientes y duraderos, fiables y f\u00e1ciles de usar capaz de satisfacer a [&hellip;]<\/p>\n","protected":false},"author":1,"featured_media":0,"parent":0,"menu_order":0,"comment_status":"closed","ping_status":"closed","template":"","meta":[],"_links":{"self":[{"href":"https:\/\/www.valentini-group.com\/es\/wp-json\/wp\/v2\/pages\/3200"}],"collection":[{"href":"https:\/\/www.valentini-group.com\/es\/wp-json\/wp\/v2\/pages"}],"about":[{"href":"https:\/\/www.valentini-group.com\/es\/wp-json\/wp\/v2\/types\/page"}],"author":[{"embeddable":true,"href":"https:\/\/www.valentini-group.com\/es\/wp-json\/wp\/v2\/users\/1"}],"replies":[{"embeddable":true,"href":"https:\/\/www.valentini-group.com\/es\/wp-json\/wp\/v2\/comments?post=3200"}],"version-history":[{"count":1,"href":"https:\/\/www.valentini-group.com\/es\/wp-json\/wp\/v2\/pages\/3200\/revisions"}],"predecessor-version":[{"id":3201,"href":"https:\/\/www.valentini-group.com\/es\/wp-json\/wp\/v2\/pages\/3200\/revisions\/3201"}],"wp:attachment":[{"href":"https:\/\/www.valentini-group.com\/es\/wp-json\/wp\/v2\/media?parent=3200"}],"curies":[{"name":"wp","href":"https:\/\/api.w.org\/{rel}","templated":true}]}}