{"id":3195,"date":"2017-05-26T15:00:48","date_gmt":"2017-05-26T13:00:48","guid":{"rendered":"http:\/\/www.valentini-group.com\/es\/?page_id=3195"},"modified":"2021-01-13T13:38:01","modified_gmt":"2021-01-13T12:38:01","slug":"investigacion-continua","status":"publish","type":"page","link":"https:\/\/www.valentini-group.com\/es\/investigacion-continua\/","title":{"rendered":"Investigaci\u00f3n continua"},"content":{"rendered":"<h2><span style=\"color: #24733b;\">2016<\/span> &#8211; Inicio producci\u00f3n del sistema pico y porta pico &#8220;RAPID CHANGE&#8221;, Certificaci\u00f3n HARDOX\u00ae IN MY BODY<\/h2>\r\n<div class=\"row\">\r\n<div class=\"col-md-8\">\r\n\r\nLa continua investigaci\u00f3n y el desarrollo de la Empresa Valentini Antonio srl ha permitido, despu\u00e9s de distintas experimentaciones y pruebas en campo, la introducci\u00f3n en el mercado de un nuevo concepto de pico y porta pico PATENTADO para las m\u00e1quinas de l\u00ednea de Construcci\u00f3n. Esta soluci\u00f3n reduce los tiempos de inactividad de las m\u00e1quinas facilitando la sustituci\u00f3n de las partes desgastadas durante las fases de mantenimiento ordinario y extraordinario de la Trituradora.\r\n\r\nOtro importante logro es la certificaci\u00f3n de HARDOX\u00ae MY BODY. Este reconocimiento est\u00e1 expedido por SSAB (Swedish Steel S.P.A.) en la Feria Eima 2016, para certificar el uso durante a\u00f1os de los materiales HARDOX\u00ae en las estructuras de las Trituradoras y Maquinas Forestales, aumentando el valor y la calidad de las m\u00e1quinas mismas.\r\n\r\n<\/div>\r\n<div class=\"col-md-4\"><img loading=\"lazy\" class=\"alignnone size-full wp-image-1549\" src=\"https:\/\/www.valentini-group.com\/wp-content\/uploads\/2016\/11\/2016.jpg\" alt=\"2016\" width=\"188\" height=\"147\" \/><\/div>\r\n<\/div>\r\n<div style=\"height: 5px; width: 100%; background: #F0CD15; margin: 30px 0;\"><\/div>\r\n<h2><span style=\"color: #24733b;\">2015<\/span> &#8211; Producci\u00f3n de la nueva gama Forestal<\/h2>\r\n<div class=\"row\">\r\n<div class=\"col-md-8\">Despu\u00e9s de haber adaptado durante a\u00f1os las m\u00e1quinas de la l\u00ednea de Construcci\u00f3n al uso en el sector forestal, Valentini Antonio Srl introduce en el mercado la nueva l\u00ednea de M\u00e1quinas Forestales, nacida de un sector de la l\u00ednea de Construcci\u00f3n, adecuada para el fresado de las cepas, para el saneamiento de zonas forestales, para crear l\u00edneas cortafuegos en la monta\u00f1a, con rotores y herramientas espec\u00edficas. Gracias a las transmisiones laterales con Engranajes es una l\u00ednea ideada para trabajos muy laboriosos y de grandes profundidades.<\/div>\r\n<div class=\"col-md-4\"><img loading=\"lazy\" class=\"alignnone size-full wp-image-1554\" src=\"https:\/\/www.valentini-group.com\/wp-content\/uploads\/2016\/11\/2015.jpg\" alt=\"2015\" width=\"188\" height=\"147\" \/><\/div>\r\n<\/div>\r\n<div style=\"height: 5px; width: 100%; background: #F0CD15; margin: 30px 0;\"><\/div>\r\n<h2><span style=\"color: #24733b;\">2014<\/span> &#8211; Producci\u00f3n de la primera Acaballonadora<\/h2>\r\n<div class=\"row\">\r\n<div class=\"col-md-8\">Valentini Antonio Srl, siendo presente desde hace muchos a\u00f1os en el sector hort\u00edcola, siente la necesidad de producir las Rotofresas y las Enterradoras en versi\u00f3n Acaballonadora: estas l\u00edneas nuevas de producto se utilizan en campo abierto como en el interior de los invernaderos para el cultivo de las hort\u00edcolas.<\/div>\r\n<div class=\"col-md-4\"><img loading=\"lazy\" class=\"alignnone size-full wp-image-1556\" src=\"https:\/\/www.valentini-group.com\/wp-content\/uploads\/2016\/11\/2014.jpg\" alt=\"2014\" width=\"188\" height=\"147\" \/><\/div>\r\n<\/div>\r\n<div style=\"height: 5px; width: 100%; background: #F0CD15; margin: 30px 0;\"><\/div>\r\n<h2><span style=\"color: #24733b;\">2010<\/span> &#8211; Producci\u00f3n de la primera Rueda Canales<\/h2>\r\n<div class=\"row\">\r\n<div class=\"col-md-8\">Por exigencias en el sector agr\u00edcola, de la construcci\u00f3n y industrial surge la necesidad de introducir en el mercado un equipo dise\u00f1ado para crear canales de diferentes anchuras y profundidad, para la colocaci\u00f3n en profundidad de tuber\u00edas, cables el\u00e9ctricos y tubos \u00a0de alcantarillado. Sus herramientas de trabajo excavan cualquier tipo de terreno del pedregoso a la carretera asfaltada creando un canal dedicado para la exigencia.<\/div>\r\n<div class=\"col-md-4\"><img loading=\"lazy\" class=\"alignnone size-full wp-image-1562\" src=\"https:\/\/www.valentini-group.com\/wp-content\/uploads\/2016\/11\/2010.jpg\" alt=\"2010\" width=\"188\" height=\"147\" \/><\/div>\r\n<\/div>\r\n<div style=\"height: 5px; width: 100%; background: #F0CD15; margin: 30px 0;\"><\/div>\r\n<h2><span style=\"color: #24733b;\">2007<\/span> &#8211; Producci\u00f3n de la nueva gama de Enterradoras<\/h2>\r\n<div class=\"row\">\r\n<div class=\"col-md-8\">Alrededor de la mitad de los a\u00f1os 2000, Valentini Antonio Srl introduce en el mercado la nueva gama de las Enterradoras en versi\u00f3n fija y plegable, m\u00e1quinas que satisfacen completamente las exigencias de los horticultores y jardineros.<\/div>\r\n<div class=\"col-md-4\"><img loading=\"lazy\" class=\"alignnone size-full wp-image-1565\" src=\"https:\/\/www.valentini-group.com\/wp-content\/uploads\/2016\/11\/2007.jpg\" alt=\"2007\" width=\"188\" height=\"147\" \/><\/div>\r\n<\/div>\r\n<div style=\"height: 5px; width: 100%; background: #F0CD15; margin: 30px 0;\"><\/div>\r\n<h2><span style=\"color: #24733b;\">2004<\/span> &#8211; Inauguraci\u00f3n de la nueva sede<\/h2>\r\n<div class=\"row\">\r\n<div class=\"col-md-8\">El aumento de la producci\u00f3n de las diferentes l\u00edneas ha permitido que Valentini Antonio srl haya adquirido un nuevo establecimiento de producci\u00f3n y administrativo en Camposampiero (Padua)<\/div>\r\n<div class=\"col-md-4\"><img loading=\"lazy\" class=\"alignnone size-full wp-image-1567\" src=\"https:\/\/www.valentini-group.com\/wp-content\/uploads\/2016\/11\/2004.jpg\" alt=\"2004\" width=\"188\" height=\"147\" \/><\/div>\r\n<\/div>\r\n<div style=\"height: 5px; width: 100%; background: #F0CD15; margin: 30px 0;\"><\/div>\r\n<h2><span style=\"color: #24733b;\">2002<\/span> &#8211; Producci\u00f3n de la primera Trituradora<\/h2>\r\n<div class=\"row\">\r\n<div class=\"col-md-8\">Valentini Antonio srl, adem\u00e1s de producir m\u00e1quinas para la Agricultura, se especializa en el suministro de m\u00e1quina para el saneamiento de terrenos incultos, m\u00e1s precisamente Trituradoras o trituradoras de piedras, es decir m\u00e1quinas adecuadas para el desmenuzamiento y afinaci\u00f3n de piedras y trituraci\u00f3n de rocas, haciendo de esta manera los terrenos adecuados para los cultivos de vi\u00f1edos, olivares o el mirto.<\/div>\r\n<div class=\"col-md-4\"><img loading=\"lazy\" class=\"alignnone size-full wp-image-1569\" src=\"https:\/\/www.valentini-group.com\/wp-content\/uploads\/2016\/11\/2002.jpg\" alt=\"2002\" width=\"188\" height=\"147\" \/><\/div>\r\n<\/div>\r\n<div style=\"height: 5px; width: 100%; background: #F0CD15; margin: 30px 0;\"><\/div>\r\n<h2><span style=\"color: #24733b;\">2000<\/span> &#8211; Exportaci\u00f3n de los productos Valentini fuera de Europa: Canad\u00e1, Australia, Jap\u00f3n<\/h2>\r\n<div class=\"row\">\r\n<div class=\"col-md-8\">La marca Valentini Antonio srl se confirma cada vez en el mercado internacional. Gracias a sus productos v\u00e1lidos, ideados y personalizados para el cliente, las demandas de los productos Valentini provienen tambi\u00e9n de otros continentes.<\/div>\r\n<div class=\"col-md-4\"><img loading=\"lazy\" class=\"alignnone size-full wp-image-1572\" src=\"https:\/\/www.valentini-group.com\/wp-content\/uploads\/2016\/11\/2000.jpg\" alt=\"2000\" width=\"188\" height=\"147\" \/><\/div>\r\n<\/div>\r\n<div style=\"height: 5px; width: 100%; background: #F0CD15; margin: 30px 0;\"><\/div>\r\n<h2><span style=\"color: #24733b;\">1999<\/span> &#8211; Transmisi\u00f3n lateral con 4 engranajes<\/h2>\r\n<div class=\"row\">\r\n<div class=\"col-md-8\">Potencias elevadas de los tractores, anchuras de trabajo de las herramientas cada ves m\u00e1s imponentes, llevan al l\u00edmite las tradicionales transmisiones laterales; para enfrentar y solucionar este problema, Valentini Antonio srl introduce en el mercado las Rotofresas con la nueva transmisi\u00f3n lateral con 4 engranajes, reduciendo de esta manera los elevados esfuerzos y temperaturas en todos los engranajes de la m\u00e1quina.<\/div>\r\n<div class=\"col-md-4\"><img loading=\"lazy\" class=\"alignnone size-full wp-image-1574\" src=\"https:\/\/www.valentini-group.com\/wp-content\/uploads\/2016\/11\/1999.jpg\" alt=\"1999\" width=\"188\" height=\"147\" \/><\/div>\r\n<\/div>\r\n<div style=\"height: 5px; width: 100%; background: #F0CD15; margin: 30px 0;\"><\/div>\r\n<h2><span style=\"color: #24733b;\">1990<\/span> &#8211; Rotofresas y Rastrillos Rotatorios de grandes dimensiones hasta 7 metros<\/h2>\r\n<div class=\"row\">\r\n<div class=\"col-md-8\">Con la introducci\u00f3n en el mercado de tractores cada vez m\u00e1s potentes, surge la necesidad de ampliar la secci\u00f3n de trabajo, y aqu\u00ed Valentini Antonio Srl introduce en el mercado Rotofresas y Rastrillos Rotatorios con anchuras de trabajo hasta 7 metros, ideados en cuando a resistencia y materiales adecuados para tractores de potencia elevada.<\/div>\r\n<div class=\"col-md-4\"><img class=\"alignnone size-full wp-image-1576\" src=\"https:\/\/www.valentini-group.com\/wp-content\/uploads\/2016\/10\/Erpice-rotante-mod.-MAMMUT-34_VAR-1.png\" alt=\"1990\" width=\"240\" \/><\/div>\r\n<\/div>\r\n<div style=\"height: 5px; width: 100%; background: #F0CD15; margin: 30px 0;\"><\/div>\r\n<h2><span style=\"color: #24733b;\">1987<\/span> &#8211; Los primeros Rastrillos Rotatorios, Corta Tallos y Barra Segadora plegable<\/h2>\r\n<div class=\"row\">\r\n<div class=\"col-md-8\">En base a la experiencia adquirida en los a\u00f1os anteriores y en la demanda cada vez m\u00e1s importante por parte de los clientes, la versi\u00f3n de las herramientas plegables se extiende tambi\u00e9n para el Rastrillo Rotatorio, Corta Tallos y Barra Segadora.<\/div>\r\n<div class=\"col-md-4\"><img loading=\"lazy\" class=\"alignnone size-full wp-image-1578\" src=\"https:\/\/www.valentini-group.com\/wp-content\/uploads\/2016\/11\/1987.jpg\" alt=\"1987\" width=\"188\" height=\"147\" \/><\/div>\r\n<\/div>\r\n<div style=\"height: 5px; width: 100%; background: #F0CD15; margin: 30px 0;\"><\/div>\r\n<h2><span style=\"color: #24733b;\">1985<\/span> &#8211; La primera Rotofresa Plegable<\/h2>\r\n<div class=\"row\">\r\n<div class=\"col-md-8\">La exigencia en esa \u00e9poca era poder suministrar a sus clientes herramientas que pudieran trabajar el terreno con pocos pasos reduciendo el tiempo, y es aqu\u00ed que Antonio Valentini dise\u00f1a la primera \u00a0Rotofresa Plegable indispensable para las grandes empresas y para qui\u00e9n ten\u00eda tractores de potencias medio grandes que necesitaban dichas herramientas.<\/div>\r\n<div class=\"col-md-4\"><img class=\"alignnone size-full wp-image-1580\" src=\"https:\/\/www.valentini-group.com\/wp-content\/uploads\/2016\/10\/HERCULES.png\" alt=\"1985\" width=\"240\" \/><\/div>\r\n<\/div>\r\n<div style=\"height: 5px; width: 100%; background: #F0CD15; margin: 30px 0;\"><\/div>\r\n<h2><span style=\"color: #24733b;\">1980<\/span> &#8211; Personalizaci\u00f3n de herramientas especiales<\/h2>\r\n<div class=\"row\">\r\n<div class=\"col-md-8\">La empresa Valentini Antonio Srl se especializa en la personalizaci\u00f3n de: \u00a0herramientas agr\u00edcolas, cisternas, remolques, abonadoras con ruedas motrices.<\/div>\r\n<div class=\"col-md-4\"><img loading=\"lazy\" class=\"alignnone size-full wp-image-1584\" src=\"https:\/\/www.valentini-group.com\/wp-content\/uploads\/2016\/11\/1980.jpg\" alt=\"1980\" width=\"188\" height=\"147\" \/><\/div>\r\n<\/div>\r\n<div style=\"height: 5px; width: 100%; background: #F0CD15; margin: 30px 0;\"><\/div>\r\n<h2><span style=\"color: #24733b;\">1973<\/span> &#8211; Fundaci\u00f3n de Valentini Antonio srl<\/h2>\r\n<div class=\"row\">\r\n<div class=\"col-md-8\">Antonio Valentini a los 23 a\u00f1os abre su propio negocio en su casa, reparando tractores y equipos, vendiendo m\u00e1quinas usadas y colaborando t\u00e9cnicamente para la realizaci\u00f3n de patentes incluso para aplicaciones especiales con ruedas motrices.<\/div>\r\n<div class=\"col-md-4\"><img loading=\"lazy\" class=\"alignnone size-full wp-image-1587\" src=\"https:\/\/www.valentini-group.com\/wp-content\/uploads\/2016\/11\/1967.jpg\" alt=\"1967\" width=\"188\" height=\"147\" \/><\/div>\r\n<\/div>","protected":false},"excerpt":{"rendered":"<p>2016 &#8211; Inicio producci\u00f3n del sistema pico y porta pico &#8220;RAPID CHANGE&#8221;, Certificaci\u00f3n HARDOX\u00ae IN MY BODY La continua investigaci\u00f3n y el desarrollo de la Empresa Valentini Antonio srl ha permitido, despu\u00e9s de distintas experimentaciones y pruebas en campo, la introducci\u00f3n en el mercado de un nuevo concepto de pico y porta pico PATENTADO para [&hellip;]<\/p>\n","protected":false},"author":1,"featured_media":0,"parent":0,"menu_order":0,"comment_status":"closed","ping_status":"closed","template":"","meta":[],"_links":{"self":[{"href":"https:\/\/www.valentini-group.com\/es\/wp-json\/wp\/v2\/pages\/3195"}],"collection":[{"href":"https:\/\/www.valentini-group.com\/es\/wp-json\/wp\/v2\/pages"}],"about":[{"href":"https:\/\/www.valentini-group.com\/es\/wp-json\/wp\/v2\/types\/page"}],"author":[{"embeddable":true,"href":"https:\/\/www.valentini-group.com\/es\/wp-json\/wp\/v2\/users\/1"}],"replies":[{"embeddable":true,"href":"https:\/\/www.valentini-group.com\/es\/wp-json\/wp\/v2\/comments?post=3195"}],"version-history":[{"count":5,"href":"https:\/\/www.valentini-group.com\/es\/wp-json\/wp\/v2\/pages\/3195\/revisions"}],"predecessor-version":[{"id":5308,"href":"https:\/\/www.valentini-group.com\/es\/wp-json\/wp\/v2\/pages\/3195\/revisions\/5308"}],"wp:attachment":[{"href":"https:\/\/www.valentini-group.com\/es\/wp-json\/wp\/v2\/media?parent=3195"}],"curies":[{"name":"wp","href":"https:\/\/api.w.org\/{rel}","templated":true}]}}