{"id":2951,"date":"2017-05-25T17:57:02","date_gmt":"2017-05-25T15:57:02","guid":{"rendered":"http:\/\/www.valentini-group.com\/es\/?page_id=2951"},"modified":"2017-05-25T17:57:02","modified_gmt":"2017-05-25T15:57:02","slug":"maxima-calidad","status":"publish","type":"page","link":"https:\/\/www.valentini-group.com\/es\/maxima-calidad\/","title":{"rendered":"M\u00e1xima Calidad"},"content":{"rendered":"La calidad de los productos Valentini Antonio srl est\u00e1 garantizada por la calidad de la red de los proveedores especializados en los cuales la empresa se apoya, con el fin de obtener lo m\u00e1ximo en cada fase de producci\u00f3n (soldadura, moldeo, pliegue, elaboraciones mec\u00e1nicas y barnizado).\r\n\r\n\r\n\t\t<style type='text\/css'>\r\n\t\t\t#gallery-1 {\r\n\t\t\t\tmargin: auto;\r\n\t\t\t}\r\n\t\t\t#gallery-1 .gallery-item {\r\n\t\t\t\tfloat: left;\r\n\t\t\t\tmargin-top: 10px;\r\n\t\t\t\ttext-align: center;\r\n\t\t\t\twidth: 33%;\r\n\t\t\t}\r\n\t\t\t#gallery-1 img {\r\n\t\t\t\tborder: 2px solid #cfcfcf;\r\n\t\t\t}\r\n\t\t\t#gallery-1 .gallery-caption {\r\n\t\t\t\tmargin-left: 0;\r\n\t\t\t}\r\n\t\t<\/style>\r\n\t\t<!-- see gallery_shortcode() in wp-includes\/media.php -->\n\t\t<div id='gallery-1' class='gallery galleryid-2951 gallery-columns-3 gallery-size-thumbnail gallery1'><script type=\"text\/javascript\">\r\n\/\/ <![CDATA[\r\n\tjQuery(document).ready(function () {\r\n\t\tjQuery(\".gallery1 a\").attr(\"rel\",\"gallery1\");\t\r\n\t\tjQuery('a[rel=\"gallery1\"]').colorbox({maxWidth:\"95%\", maxHeight:\"95%\",title: function(){ return jQuery(this).children().attr(\"alt\"); }});\r\n\t});\r\n\/\/ ]]>\r\n<\/script>\n<dl class=\"gallery-item\">\n<dt class=\"gallery-icon\">\r\n<a href=\"https:\/\/www.valentini-group.com\/wp-content\/uploads\/2016\/11\/img.jpg\" title=\"\" rel=\"gallery1\"><img src=\"https:\/\/www.valentini-group.com\/wp-content\/uploads\/2016\/11\/img-150x150.jpg\" width=\"150\" height=\"150\" alt=\"\" \/><\/a>\r\n<\/dt><\/dl><dl class=\"gallery-item\">\n<dt class=\"gallery-icon\">\r\n<a href=\"https:\/\/www.valentini-group.com\/wp-content\/uploads\/2016\/11\/img1-300x146.jpg\" title=\"\" rel=\"gallery1\"><img src=\"https:\/\/www.valentini-group.com\/wp-content\/uploads\/2016\/11\/img1-150x150.jpg\" width=\"150\" height=\"150\" alt=\"\" \/><\/a>\r\n<\/dt><\/dl><dl class=\"gallery-item\">\n<dt class=\"gallery-icon\">\r\n<a href=\"https:\/\/www.valentini-group.com\/wp-content\/uploads\/2016\/11\/img2-300x181.jpg\" title=\"\" rel=\"gallery1\"><img src=\"https:\/\/www.valentini-group.com\/wp-content\/uploads\/2016\/11\/img2-150x150.jpg\" width=\"150\" height=\"150\" alt=\"\" \/><\/a>\r\n<\/dt><\/dl><br style=\"clear: both\" \/><dl class=\"gallery-item\">\n<dt class=\"gallery-icon\">\r\n<a href=\"https:\/\/www.valentini-group.com\/wp-content\/uploads\/2016\/11\/img3-300x152.jpg\" title=\"\" rel=\"gallery1\"><img src=\"https:\/\/www.valentini-group.com\/wp-content\/uploads\/2016\/11\/img3-150x150.jpg\" width=\"150\" height=\"150\" alt=\"\" \/><\/a>\r\n<\/dt><\/dl><dl class=\"gallery-item\">\n<dt class=\"gallery-icon\">\r\n<a href=\"https:\/\/www.valentini-group.com\/wp-content\/uploads\/2016\/11\/img4.jpg\" title=\"\" rel=\"gallery1\"><img src=\"https:\/\/www.valentini-group.com\/wp-content\/uploads\/2016\/11\/img4-150x150.jpg\" width=\"150\" height=\"150\" alt=\"\" \/><\/a>\r\n<\/dt><\/dl>\r\n\t\t\t<br style='clear: both' \/>\r\n\t\t<\/div>\n\r\n<div style=\"height: 5px; width: 100%; background: #F0CD15; margin: 30px 0;\">\r\n<div style=\"padding-top: 30px;\">\r\n\r\n\r\n\t\t<style type='text\/css'>\r\n\t\t\t#gallery-2 {\r\n\t\t\t\tmargin: auto;\r\n\t\t\t}\r\n\t\t\t#gallery-2 .gallery-item {\r\n\t\t\t\tfloat: left;\r\n\t\t\t\tmargin-top: 10px;\r\n\t\t\t\ttext-align: center;\r\n\t\t\t\twidth: 33%;\r\n\t\t\t}\r\n\t\t\t#gallery-2 img {\r\n\t\t\t\tborder: 2px solid #cfcfcf;\r\n\t\t\t}\r\n\t\t\t#gallery-2 .gallery-caption {\r\n\t\t\t\tmargin-left: 0;\r\n\t\t\t}\r\n\t\t<\/style>\r\n\t\t<!-- see gallery_shortcode() in wp-includes\/media.php -->\n\t\t<div id='gallery-2' class='gallery galleryid-2951 gallery-columns-3 gallery-size-thumbnail gallery1'><script type=\"text\/javascript\">\r\n\/\/ <![CDATA[\r\n\tjQuery(document).ready(function () {\r\n\t\tjQuery(\".gallery1 a\").attr(\"rel\",\"gallery1\");\t\r\n\t\tjQuery('a[rel=\"gallery1\"]').colorbox({maxWidth:\"95%\", maxHeight:\"95%\",title: function(){ return jQuery(this).children().attr(\"alt\"); }});\r\n\t});\r\n\/\/ ]]>\r\n<\/script>\n<dl class=\"gallery-item\">\n<dt class=\"gallery-icon\">\r\n<a href=\"https:\/\/www.valentini-group.com\/wp-content\/uploads\/2016\/11\/img-1.jpg\" title=\"\" rel=\"gallery1\"><img src=\"https:\/\/www.valentini-group.com\/wp-content\/uploads\/2016\/11\/img-1-150x126.jpg\" width=\"150\" height=\"126\" alt=\"\" \/><\/a>\r\n<\/dt><\/dl><dl class=\"gallery-item\">\n<dt class=\"gallery-icon\">\r\n<a href=\"https:\/\/www.valentini-group.com\/wp-content\/uploads\/2016\/11\/img1-1.jpg\" title=\"\" rel=\"gallery1\"><img src=\"https:\/\/www.valentini-group.com\/wp-content\/uploads\/2016\/11\/img1-1-150x126.jpg\" width=\"150\" height=\"126\" alt=\"\" \/><\/a>\r\n<\/dt><\/dl><dl class=\"gallery-item\">\n<dt class=\"gallery-icon\">\r\n<a href=\"https:\/\/www.valentini-group.com\/wp-content\/uploads\/2016\/11\/img2-1.jpg\" title=\"\" rel=\"gallery1\"><img src=\"https:\/\/www.valentini-group.com\/wp-content\/uploads\/2016\/11\/img2-1-150x143.jpg\" width=\"150\" height=\"143\" alt=\"\" \/><\/a>\r\n<\/dt><\/dl><br style=\"clear: both\" \/><dl class=\"gallery-item\">\n<dt class=\"gallery-icon\">\r\n<a href=\"https:\/\/www.valentini-group.com\/wp-content\/uploads\/2016\/11\/img3-1.jpg\" title=\"\" rel=\"gallery1\"><img src=\"https:\/\/www.valentini-group.com\/wp-content\/uploads\/2016\/11\/img3-1-150x145.jpg\" width=\"150\" height=\"145\" alt=\"\" \/><\/a>\r\n<\/dt><\/dl><dl class=\"gallery-item\">\n<dt class=\"gallery-icon\">\r\n<a href=\"https:\/\/www.valentini-group.com\/wp-content\/uploads\/2016\/11\/img4-1.jpg\" title=\"\" rel=\"gallery1\"><img src=\"https:\/\/www.valentini-group.com\/wp-content\/uploads\/2016\/11\/img4-1-150x138.jpg\" width=\"150\" height=\"138\" alt=\"\" \/><\/a>\r\n<\/dt><\/dl><dl class=\"gallery-item\">\n<dt class=\"gallery-icon\">\r\n<a href=\"https:\/\/www.valentini-group.com\/wp-content\/uploads\/2016\/11\/img5.jpg\" title=\"\" rel=\"gallery1\"><img src=\"https:\/\/www.valentini-group.com\/wp-content\/uploads\/2016\/11\/img5-150x138.jpg\" width=\"150\" height=\"138\" alt=\"\" \/><\/a>\r\n<\/dt><\/dl><br style=\"clear: both\" \/>\r\n\t\t<\/div>\n\r\n\r\n<\/div>\r\n<div style=\"height: 5px; width: 100%; background: #F0CD15; margin: 30px 0;\">\r\n<div style=\"padding-top: 30px;\">\r\n\r\n\r\n\t\t<style type='text\/css'>\r\n\t\t\t#gallery-3 {\r\n\t\t\t\tmargin: auto;\r\n\t\t\t}\r\n\t\t\t#gallery-3 .gallery-item {\r\n\t\t\t\tfloat: left;\r\n\t\t\t\tmargin-top: 10px;\r\n\t\t\t\ttext-align: center;\r\n\t\t\t\twidth: 33%;\r\n\t\t\t}\r\n\t\t\t#gallery-3 img {\r\n\t\t\t\tborder: 2px solid #cfcfcf;\r\n\t\t\t}\r\n\t\t\t#gallery-3 .gallery-caption {\r\n\t\t\t\tmargin-left: 0;\r\n\t\t\t}\r\n\t\t<\/style>\r\n\t\t<!-- see gallery_shortcode() in wp-includes\/media.php -->\n\t\t<div id='gallery-3' class='gallery galleryid-2951 gallery-columns-3 gallery-size-thumbnail gallery1'><script type=\"text\/javascript\">\r\n\/\/ <![CDATA[\r\n\tjQuery(document).ready(function () {\r\n\t\tjQuery(\".gallery1 a\").attr(\"rel\",\"gallery1\");\t\r\n\t\tjQuery('a[rel=\"gallery1\"]').colorbox({maxWidth:\"95%\", maxHeight:\"95%\",title: function(){ return jQuery(this).children().attr(\"alt\"); }});\r\n\t});\r\n\/\/ ]]>\r\n<\/script>\n<dl class=\"gallery-item\">\n<dt class=\"gallery-icon\">\r\n<a href=\"https:\/\/www.valentini-group.com\/wp-content\/uploads\/2016\/11\/img-2.jpg\" title=\"\" rel=\"gallery1\"><img src=\"https:\/\/www.valentini-group.com\/wp-content\/uploads\/2016\/11\/img-2-150x150.jpg\" width=\"150\" height=\"150\" alt=\"\" \/><\/a>\r\n<\/dt><\/dl><dl class=\"gallery-item\">\n<dt class=\"gallery-icon\">\r\n<a href=\"https:\/\/www.valentini-group.com\/wp-content\/uploads\/2016\/11\/img1-2.jpg\" title=\"\" rel=\"gallery1\"><img src=\"https:\/\/www.valentini-group.com\/wp-content\/uploads\/2016\/11\/img1-2-150x146.jpg\" width=\"150\" height=\"146\" alt=\"\" \/><\/a>\r\n<\/dt><\/dl><dl class=\"gallery-item\">\n<dt class=\"gallery-icon\">\r\n<a href=\"https:\/\/www.valentini-group.com\/wp-content\/uploads\/2016\/11\/img2-2.jpg\" title=\"\" rel=\"gallery1\"><img src=\"https:\/\/www.valentini-group.com\/wp-content\/uploads\/2016\/11\/img2-2-150x138.jpg\" width=\"150\" height=\"138\" alt=\"\" \/><\/a>\r\n<\/dt><\/dl><br style=\"clear: both\" \/><dl class=\"gallery-item\">\n<dt class=\"gallery-icon\">\r\n<a href=\"https:\/\/www.valentini-group.com\/wp-content\/uploads\/2016\/11\/img3-2.jpg\" title=\"\" rel=\"gallery1\"><img src=\"https:\/\/www.valentini-group.com\/wp-content\/uploads\/2016\/11\/img3-2-150x150.jpg\" width=\"150\" height=\"150\" alt=\"\" \/><\/a>\r\n<\/dt><\/dl><dl class=\"gallery-item\">\n<dt class=\"gallery-icon\">\r\n<a href=\"https:\/\/www.valentini-group.com\/wp-content\/uploads\/2016\/11\/img4-2.jpg\" title=\"\" rel=\"gallery1\"><img src=\"https:\/\/www.valentini-group.com\/wp-content\/uploads\/2016\/11\/img4-2-150x146.jpg\" width=\"150\" height=\"146\" alt=\"\" \/><\/a>\r\n<\/dt><\/dl><dl class=\"gallery-item\">\n<dt class=\"gallery-icon\">\r\n<a href=\"https:\/\/www.valentini-group.com\/wp-content\/uploads\/2016\/11\/img5-1.jpg\" title=\"\" rel=\"gallery1\"><img src=\"https:\/\/www.valentini-group.com\/wp-content\/uploads\/2016\/11\/img5-1-150x126.jpg\" width=\"150\" height=\"126\" alt=\"\" \/><\/a>\r\n<\/dt><\/dl><br style=\"clear: both\" \/>\r\n\t\t<\/div>\n\r\n\r\n<\/div>\r\n<\/div>\r\n<\/div>","protected":false},"excerpt":{"rendered":"<p>La calidad de los productos Valentini Antonio srl est\u00e1 garantizada por la calidad de la red de los proveedores especializados en los cuales la empresa se apoya, con el fin de obtener lo m\u00e1ximo en cada fase de producci\u00f3n (soldadura, moldeo, pliegue, elaboraciones mec\u00e1nicas y barnizado).<\/p>\n","protected":false},"author":1,"featured_media":0,"parent":0,"menu_order":0,"comment_status":"closed","ping_status":"closed","template":"","meta":[],"_links":{"self":[{"href":"https:\/\/www.valentini-group.com\/es\/wp-json\/wp\/v2\/pages\/2951"}],"collection":[{"href":"https:\/\/www.valentini-group.com\/es\/wp-json\/wp\/v2\/pages"}],"about":[{"href":"https:\/\/www.valentini-group.com\/es\/wp-json\/wp\/v2\/types\/page"}],"author":[{"embeddable":true,"href":"https:\/\/www.valentini-group.com\/es\/wp-json\/wp\/v2\/users\/1"}],"replies":[{"embeddable":true,"href":"https:\/\/www.valentini-group.com\/es\/wp-json\/wp\/v2\/comments?post=2951"}],"version-history":[{"count":1,"href":"https:\/\/www.valentini-group.com\/es\/wp-json\/wp\/v2\/pages\/2951\/revisions"}],"predecessor-version":[{"id":2952,"href":"https:\/\/www.valentini-group.com\/es\/wp-json\/wp\/v2\/pages\/2951\/revisions\/2952"}],"wp:attachment":[{"href":"https:\/\/www.valentini-group.com\/es\/wp-json\/wp\/v2\/media?parent=2951"}],"curies":[{"name":"wp","href":"https:\/\/api.w.org\/{rel}","templated":true}]}}