{"id":2944,"date":"2017-05-25T15:27:56","date_gmt":"2017-05-25T13:27:56","guid":{"rendered":"http:\/\/www.valentini-group.com\/es\/?page_id=2944"},"modified":"2025-07-08T11:47:21","modified_gmt":"2025-07-08T09:47:21","slug":"home","status":"publish","type":"page","link":"https:\/\/www.valentini-group.com\/es\/","title":{"rendered":"Home"},"content":{"rendered":"<link href=\"https:\/\/fonts.googleapis.com\/css?family=Poppins%3A700%2C500\" rel=\"stylesheet\" property=\"stylesheet\" type=\"text\/css\" media=\"all\" \/>\n<div id=\"rev_slider_1_1_wrapper\" class=\"rev_slider_wrapper fullwidthbanner-container\" style=\"margin:0px auto;background-color:transparent;padding:0px;margin-top:0px;margin-bottom:0px;\">\n<!-- START REVOLUTION SLIDER 5.2.6 fullwidth mode -->\n\t<div id=\"rev_slider_1_1\" class=\"rev_slider fullwidthabanner\" style=\"display:none;\" data-version=\"5.2.6\">\n<ul>\t<!-- SLIDE  -->\n\t<li data-index=\"rs-18\" data-transition=\"fade\" data-slotamount=\"default\" data-hideafterloop=\"0\" data-hideslideonmobile=\"off\"  data-easein=\"default\" data-easeout=\"default\" data-masterspeed=\"300\"  data-delay=\"6000\"  data-rotate=\"0\"  data-saveperformance=\"off\"  data-title=\"Slide\" data-param1=\"\" data-param2=\"\" data-param3=\"\" data-param4=\"\" data-param5=\"\" data-param6=\"\" data-param7=\"\" data-param8=\"\" data-param9=\"\" data-param10=\"\" data-description=\"\">\n\t\t<!-- MAIN IMAGE -->\n\t\t<img src=\"https:\/\/www.valentini-group.com\/wp-content\/uploads\/2024\/01\/1.png\"  alt=\"\" title=\"1\"  width=\"1170\" height=\"284\" data-bgposition=\"left center\" data-bgfit=\"cover\" data-bgrepeat=\"no-repeat\" class=\"rev-slidebg\" data-no-reti \/>\n\t\t<!-- LAYERS -->\n\n\t\t<!-- LAYER NR. 1 -->\n\t\t<div class=\"tp-caption   tp-resizeme\" \n\t\t\t id=\"slide-18-layer-1\" \n\t\t\t data-x=\"101\" \n\t\t\t data-y=\"152\" \n\t\t\t\t\t\tdata-width=\"['auto']\"\n\t\t\tdata-height=\"['auto']\"\n\t\t\tdata-transform_idle=\"o:1;\"\n \n\t\t\t data-transform_in=\"opacity:0;s:300;e:Power2.easeInOut;\" \n\t\t\t data-transform_out=\"opacity:0;s:300;\" \n\t\t\tdata-start=\"500\" \n\t\t\tdata-splitin=\"none\" \n\t\t\tdata-splitout=\"none\" \n\t\t\tdata-responsive_offset=\"on\" \n\n\t\t\t\n\t\t\tstyle=\"z-index: 5; white-space: nowrap; font-size: 60px; line-height: 66px; font-weight: 700; color: rgba(255, 255, 255, 1.00);font-family:Poppins;text-shadow:0 2px 3px rgba(0, 0, 0, 0.25);\">Valentini Group<br>\n <\/div>\n\n\t\t<!-- LAYER NR. 2 -->\n\t\t<div class=\"tp-caption   tp-resizeme\" \n\t\t\t id=\"slide-18-layer-2\" \n\t\t\t data-x=\"101\" \n\t\t\t data-y=\"264\" \n\t\t\t\t\t\tdata-width=\"['auto']\"\n\t\t\tdata-height=\"['auto']\"\n\t\t\tdata-transform_idle=\"o:1;\"\n \n\t\t\t data-transform_in=\"opacity:0;s:300;e:Power2.easeInOut;\" \n\t\t\t data-transform_out=\"opacity:0;s:300;\" \n\t\t\tdata-start=\"500\" \n\t\t\tdata-splitin=\"none\" \n\t\t\tdata-splitout=\"none\" \n\t\t\tdata-responsive_offset=\"on\" \n\n\t\t\t\n\t\t\tstyle=\"z-index: 6; white-space: nowrap; font-size: 26px; line-height: 32px; font-weight: 500; color: rgba(255, 255, 255, 1.00);font-family:Poppins;text-shadow:0 2px 3px rgba(0, 0, 0, 0.25);\">DAGLI ANNI '70 AL SERVIZIO<br>DEI PROFESSIONISTI DELL'AGRICOLTURA\n <\/div>\n\t<\/li>\n\t<!-- SLIDE  -->\n\t<li data-index=\"rs-15\" data-transition=\"fade\" data-slotamount=\"default\" data-hideafterloop=\"0\" data-hideslideonmobile=\"off\"  data-easein=\"default\" data-easeout=\"default\" data-masterspeed=\"300\"  data-delay=\"6000\"  data-rotate=\"0\"  data-saveperformance=\"off\"  data-title=\"Slide\" data-param1=\"\" data-param2=\"\" data-param3=\"\" data-param4=\"\" data-param5=\"\" data-param6=\"\" data-param7=\"\" data-param8=\"\" data-param9=\"\" data-param10=\"\" data-description=\"\">\n\t\t<!-- MAIN IMAGE -->\n\t\t<img src=\"https:\/\/www.valentini-group.com\/wp-content\/uploads\/2024\/01\/5.png\"  alt=\"Leon-frangisassi\" title=\"Leon-frangisassi\"  width=\"1170\" height=\"284\" data-bgposition=\"left center\" data-bgfit=\"cover\" data-bgrepeat=\"no-repeat\" class=\"rev-slidebg\" data-no-reti \/>\n\t\t<!-- LAYERS -->\n\n\t\t<!-- LAYER NR. 1 -->\n\t\t<div class=\"tp-caption Valentini-Group   tp-resizeme\" \n\t\t\t id=\"slide-15-layer-1\" \n\t\t\t data-x=\"101\" \n\t\t\t data-y=\"153\" \n\t\t\t\t\t\tdata-width=\"['auto']\"\n\t\t\tdata-height=\"['auto']\"\n\t\t\tdata-transform_idle=\"o:1;\"\n \n\t\t\t data-transform_in=\"opacity:0;s:300;e:Power2.easeInOut;\" \n\t\t\t data-transform_out=\"opacity:0;s:300;\" \n\t\t\tdata-start=\"500\" \n\t\t\tdata-splitin=\"none\" \n\t\t\tdata-splitout=\"none\" \n\t\t\tdata-responsive_offset=\"on\" \n\n\t\t\t\n\t\t\tstyle=\"z-index: 5; white-space: nowrap;text-shadow:0 2px 3px rgba(0, 0, 0, 0.25);\">Valentini Group <\/div>\n\n\t\t<!-- LAYER NR. 2 -->\n\t\t<div class=\"tp-caption DAGLI-ANNI-70   tp-resizeme\" \n\t\t\t id=\"slide-15-layer-2\" \n\t\t\t data-x=\"103\" \n\t\t\t data-y=\"264\" \n\t\t\t\t\t\tdata-width=\"['auto']\"\n\t\t\tdata-height=\"['auto']\"\n\t\t\tdata-transform_idle=\"o:1;\"\n \n\t\t\t data-transform_in=\"opacity:0;s:300;e:Power2.easeInOut;\" \n\t\t\t data-transform_out=\"opacity:0;s:300;\" \n\t\t\tdata-start=\"500\" \n\t\t\tdata-splitin=\"none\" \n\t\t\tdata-splitout=\"none\" \n\t\t\tdata-responsive_offset=\"on\" \n\n\t\t\t\n\t\t\tstyle=\"z-index: 6; white-space: nowrap;text-shadow:0 2px 3px rgba(0, 0, 0, 0.25);\">DAGLI ANNI '70 AL SERVIZIO<br>DEI PROFESSIONISTI DELL'AGRICOLTURA <\/div>\n\t<\/li>\n\t<!-- SLIDE  -->\n\t<li data-index=\"rs-16\" data-transition=\"fade\" data-slotamount=\"default\" data-hideafterloop=\"0\" data-hideslideonmobile=\"off\"  data-easein=\"default\" data-easeout=\"default\" data-masterspeed=\"300\"  data-delay=\"5990\"  data-rotate=\"0\"  data-saveperformance=\"off\"  data-title=\"Slide\" data-param1=\"\" data-param2=\"\" data-param3=\"\" data-param4=\"\" data-param5=\"\" data-param6=\"\" data-param7=\"\" data-param8=\"\" data-param9=\"\" data-param10=\"\" data-description=\"\">\n\t\t<!-- MAIN IMAGE -->\n\t\t<img src=\"https:\/\/www.valentini-group.com\/wp-content\/uploads\/2024\/01\/4.png\"  alt=\"Argo-forestale\" title=\"Argo-forestale\"  width=\"1170\" height=\"284\" data-bgposition=\"left center\" data-bgfit=\"cover\" data-bgrepeat=\"no-repeat\" class=\"rev-slidebg\" data-no-reti \/>\n\t\t<!-- LAYERS -->\n\n\t\t<!-- LAYER NR. 1 -->\n\t\t<div class=\"tp-caption Valentini-Group   tp-resizeme\" \n\t\t\t id=\"slide-16-layer-1\" \n\t\t\t data-x=\"101\" \n\t\t\t data-y=\"153\" \n\t\t\t\t\t\tdata-width=\"['auto']\"\n\t\t\tdata-height=\"['auto']\"\n\t\t\tdata-transform_idle=\"o:1;\"\n \n\t\t\t data-transform_in=\"opacity:0;s:300;e:Power2.easeInOut;\" \n\t\t\t data-transform_out=\"opacity:0;s:300;\" \n\t\t\tdata-start=\"500\" \n\t\t\tdata-splitin=\"none\" \n\t\t\tdata-splitout=\"none\" \n\t\t\tdata-responsive_offset=\"on\" \n\n\t\t\t\n\t\t\tstyle=\"z-index: 5; white-space: nowrap;text-shadow:0 2px 3px rgba(0, 0, 0, 0.25);\">Valentini Group <\/div>\n\n\t\t<!-- LAYER NR. 2 -->\n\t\t<div class=\"tp-caption DAGLI-ANNI-70   tp-resizeme\" \n\t\t\t id=\"slide-16-layer-2\" \n\t\t\t data-x=\"101\" \n\t\t\t data-y=\"264\" \n\t\t\t\t\t\tdata-width=\"['auto']\"\n\t\t\tdata-height=\"['auto']\"\n\t\t\tdata-transform_idle=\"o:1;\"\n \n\t\t\t data-transform_in=\"opacity:0;s:300;e:Power2.easeInOut;\" \n\t\t\t data-transform_out=\"opacity:0;s:300;\" \n\t\t\tdata-start=\"500\" \n\t\t\tdata-splitin=\"none\" \n\t\t\tdata-splitout=\"none\" \n\t\t\tdata-responsive_offset=\"on\" \n\n\t\t\t\n\t\t\tstyle=\"z-index: 6; white-space: nowrap;text-shadow:0 2px 3px rgba(0, 0, 0, 0.25);\">DAGLI ANNI '70 AL SERVIZIO<br>DEI PROFESSIONISTI DELL'AGRICOLTURA <\/div>\n\t<\/li>\n\t<!-- SLIDE  -->\n\t<li data-index=\"rs-17\" data-transition=\"fade\" data-slotamount=\"default\" data-hideafterloop=\"0\" data-hideslideonmobile=\"off\"  data-easein=\"default\" data-easeout=\"default\" data-masterspeed=\"300\"  data-delay=\"6000\"  data-rotate=\"0\"  data-saveperformance=\"off\"  data-title=\"Slide\" data-param1=\"\" data-param2=\"\" data-param3=\"\" data-param4=\"\" data-param5=\"\" data-param6=\"\" data-param7=\"\" data-param8=\"\" data-param9=\"\" data-param10=\"\" data-description=\"\">\n\t\t<!-- MAIN IMAGE -->\n\t\t<img src=\"https:\/\/www.valentini-group.com\/wp-content\/uploads\/2018\/01\/SliderLeon-1.jpg\"  alt=\"\" title=\"SliderLeon\"  width=\"1170\" height=\"284\" data-bgposition=\"left center\" data-bgfit=\"cover\" data-bgrepeat=\"no-repeat\" class=\"rev-slidebg\" data-no-reti \/>\n\t\t<!-- LAYERS -->\n\n\t\t<!-- LAYER NR. 1 -->\n\t\t<div class=\"tp-caption Valentini-Group   tp-resizeme\" \n\t\t\t id=\"slide-17-layer-1\" \n\t\t\t data-x=\"101\" \n\t\t\t data-y=\"153\" \n\t\t\t\t\t\tdata-width=\"['auto']\"\n\t\t\tdata-height=\"['auto']\"\n\t\t\tdata-transform_idle=\"o:1;\"\n \n\t\t\t data-transform_in=\"opacity:0;s:300;e:Power2.easeInOut;\" \n\t\t\t data-transform_out=\"opacity:0;s:300;\" \n\t\t\tdata-start=\"500\" \n\t\t\tdata-splitin=\"none\" \n\t\t\tdata-splitout=\"none\" \n\t\t\tdata-responsive_offset=\"on\" \n\n\t\t\t\n\t\t\tstyle=\"z-index: 5; white-space: nowrap;text-shadow:0 2px 3px rgba(0, 0, 0, 0.25);\">Valentini Group <\/div>\n\n\t\t<!-- LAYER NR. 2 -->\n\t\t<div class=\"tp-caption DAGLI-ANNI-70   tp-resizeme\" \n\t\t\t id=\"slide-17-layer-2\" \n\t\t\t data-x=\"102\" \n\t\t\t data-y=\"264\" \n\t\t\t\t\t\tdata-width=\"['auto']\"\n\t\t\tdata-height=\"['auto']\"\n\t\t\tdata-transform_idle=\"o:1;\"\n \n\t\t\t data-transform_in=\"opacity:0;s:300;e:Power2.easeInOut;\" \n\t\t\t data-transform_out=\"opacity:0;s:300;\" \n\t\t\tdata-start=\"500\" \n\t\t\tdata-splitin=\"none\" \n\t\t\tdata-splitout=\"none\" \n\t\t\tdata-responsive_offset=\"on\" \n\n\t\t\t\n\t\t\tstyle=\"z-index: 6; white-space: nowrap;text-shadow:0 2px 3px rgba(0, 0, 0, 0.25);\">DAGLI ANNI '70 AL SERVIZIO<br>DEI PROFESSIONISTI DELL'AGRICOLTURA <\/div>\n\t<\/li>\n\t<!-- SLIDE  -->\n\t<li data-index=\"rs-14\" data-transition=\"fade\" data-slotamount=\"default\" data-hideafterloop=\"0\" data-hideslideonmobile=\"off\"  data-easein=\"default\" data-easeout=\"default\" data-masterspeed=\"300\"  data-delay=\"6000\"  data-rotate=\"0\"  data-saveperformance=\"off\"  data-title=\"Slide\" data-param1=\"\" data-param2=\"\" data-param3=\"\" data-param4=\"\" data-param5=\"\" data-param6=\"\" data-param7=\"\" data-param8=\"\" data-param9=\"\" data-param10=\"\" data-description=\"\">\n\t\t<!-- MAIN IMAGE -->\n\t\t<img src=\"https:\/\/www.valentini-group.com\/wp-content\/uploads\/2024\/01\/3.png\"  alt=\"\" title=\"Orticoltura\"  width=\"1170\" height=\"284\" data-bgposition=\"left center\" data-bgfit=\"cover\" data-bgrepeat=\"no-repeat\" class=\"rev-slidebg\" data-no-reti \/>\n\t\t<!-- LAYERS -->\n\n\t\t<!-- LAYER NR. 1 -->\n\t\t<div class=\"tp-caption Valentini-Group   tp-resizeme\" \n\t\t\t id=\"slide-14-layer-1\" \n\t\t\t data-x=\"101\" \n\t\t\t data-y=\"153\" \n\t\t\t\t\t\tdata-width=\"['auto']\"\n\t\t\tdata-height=\"['auto']\"\n\t\t\tdata-transform_idle=\"o:1;\"\n \n\t\t\t data-transform_in=\"opacity:0;s:300;e:Power2.easeInOut;\" \n\t\t\t data-transform_out=\"opacity:0;s:300;\" \n\t\t\tdata-start=\"500\" \n\t\t\tdata-splitin=\"none\" \n\t\t\tdata-splitout=\"none\" \n\t\t\tdata-responsive_offset=\"on\" \n\n\t\t\t\n\t\t\tstyle=\"z-index: 5; white-space: nowrap;text-shadow:0 2px 3px rgba(0, 0, 0, 0.25);\">Valentini Group <\/div>\n\n\t\t<!-- LAYER NR. 2 -->\n\t\t<div class=\"tp-caption DAGLI-ANNI-70   tp-resizeme\" \n\t\t\t id=\"slide-14-layer-2\" \n\t\t\t data-x=\"101\" \n\t\t\t data-y=\"264\" \n\t\t\t\t\t\tdata-width=\"['auto']\"\n\t\t\tdata-height=\"['auto']\"\n\t\t\tdata-transform_idle=\"o:1;\"\n \n\t\t\t data-transform_in=\"opacity:0;s:300;e:Power2.easeInOut;\" \n\t\t\t data-transform_out=\"opacity:0;s:300;\" \n\t\t\tdata-start=\"500\" \n\t\t\tdata-splitin=\"none\" \n\t\t\tdata-splitout=\"none\" \n\t\t\tdata-responsive_offset=\"on\" \n\n\t\t\t\n\t\t\tstyle=\"z-index: 6; white-space: nowrap;text-shadow:0 2px 3px rgba(0, 0, 0, 0.25);\">DAGLI ANNI '70 AL SERVIZIO<br>DEI PROFESSIONISTI DELL'AGRICOLTURA <\/div>\n\t<\/li>\n\t<!-- SLIDE  -->\n\t<li data-index=\"rs-13\" data-transition=\"fade\" data-slotamount=\"default\" data-hideafterloop=\"0\" data-hideslideonmobile=\"off\"  data-easein=\"default\" data-easeout=\"default\" data-masterspeed=\"300\"  data-delay=\"6000\"  data-rotate=\"0\"  data-saveperformance=\"off\"  data-title=\"Slide\" data-param1=\"\" data-param2=\"\" data-param3=\"\" data-param4=\"\" data-param5=\"\" data-param6=\"\" data-param7=\"\" data-param8=\"\" data-param9=\"\" data-param10=\"\" data-description=\"\">\n\t\t<!-- MAIN IMAGE -->\n\t\t<img src=\"https:\/\/www.valentini-group.com\/wp-content\/uploads\/2024\/01\/2.png\"  alt=\"\" title=\"2\"  width=\"1170\" height=\"284\" data-bgposition=\"center center\" data-bgfit=\"cover\" data-bgrepeat=\"no-repeat\" class=\"rev-slidebg\" data-no-reti \/>\n\t\t<!-- LAYERS -->\n\n\t\t<!-- LAYER NR. 1 -->\n\t\t<div class=\"tp-caption Valentini-Group   tp-resizeme\" \n\t\t\t id=\"slide-13-layer-1\" \n\t\t\t data-x=\"101\" \n\t\t\t data-y=\"154\" \n\t\t\t\t\t\tdata-width=\"['auto']\"\n\t\t\tdata-height=\"['auto']\"\n\t\t\tdata-transform_idle=\"o:1;\"\n \n\t\t\t data-transform_in=\"opacity:0;s:300;e:Power2.easeInOut;\" \n\t\t\t data-transform_out=\"opacity:0;s:300;\" \n\t\t\tdata-start=\"500\" \n\t\t\tdata-splitin=\"none\" \n\t\t\tdata-splitout=\"none\" \n\t\t\tdata-responsive_offset=\"on\" \n\n\t\t\t\n\t\t\tstyle=\"z-index: 5; white-space: nowrap;text-shadow:0 2px 3px rgba(0, 0, 0, 0.25);\">Valentini Group <\/div>\n\n\t\t<!-- LAYER NR. 2 -->\n\t\t<div class=\"tp-caption DAGLI-ANNI-70   tp-resizeme\" \n\t\t\t id=\"slide-13-layer-2\" \n\t\t\t data-x=\"102\" \n\t\t\t data-y=\"264\" \n\t\t\t\t\t\tdata-width=\"['auto']\"\n\t\t\tdata-height=\"['auto']\"\n\t\t\tdata-transform_idle=\"o:1;\"\n \n\t\t\t data-transform_in=\"opacity:0;s:300;e:Power2.easeInOut;\" \n\t\t\t data-transform_out=\"opacity:0;s:300;\" \n\t\t\tdata-start=\"500\" \n\t\t\tdata-splitin=\"none\" \n\t\t\tdata-splitout=\"none\" \n\t\t\tdata-responsive_offset=\"on\" \n\n\t\t\t\n\t\t\tstyle=\"z-index: 6; white-space: nowrap;text-shadow:0 2px 3px rgba(0, 0, 0, 0.25);\">DAGLI ANNI '70 AL SERVIZIO<br>DEI PROFESSIONISTI DELL'AGRICOLTURA <\/div>\n\t<\/li>\n<\/ul>\n<div class=\"tp-bannertimer tp-bottom\" style=\"visibility: hidden !important;\"><\/div>\t<\/div>\n<script>var htmlDiv = document.getElementById(\"rs-plugin-settings-inline-css\"); var htmlDivCss=\".tp-caption.Valentini-Group,.Valentini-Group{color:rgba(255,255,255,1.00);font-size:60px;line-height:66px;font-weight:700;font-style:normal;font-family:Poppins;padding:0px 0px 0px 0px;text-decoration:none;text-align:left;background-color:transparent;border-color:transparent;border-style:none;border-width:0px;border-radius:0px 0px 0px 0px}.tp-caption.DAGLI-ANNI-70,.DAGLI-ANNI-70{color:rgba(255,255,255,1.00);font-size:26px;line-height:32px;font-weight:500;font-style:normal;font-family:Poppins;padding:0px 0px 0px 0px;text-decoration:none;text-align:left;background-color:transparent;border-color:transparent;border-style:none;border-width:0px;border-radius:0px 0px 0px 0px}\";\n\t\t\t\tif(htmlDiv) {\n\t\t\t\t\thtmlDiv.innerHTML = htmlDiv.innerHTML + htmlDivCss;\n\t\t\t\t}else{\n\t\t\t\t\tvar htmlDiv = document.createElement(\"div\");\n\t\t\t\t\thtmlDiv.innerHTML = \"<style>\" + htmlDivCss + \"<\/style>\";\n\t\t\t\t\tdocument.getElementsByTagName(\"head\")[0].appendChild(htmlDiv.childNodes[0]);\n\t\t\t\t}\n\t\t\t<\/script>\n\t\t<script type=\"text\/javascript\">\n\t\t\t\t\t\t\/******************************************\n\t\t\t\t-\tPREPARE PLACEHOLDER FOR SLIDER\t-\n\t\t\t******************************************\/\n\n\t\t\tvar setREVStartSize=function(){\n\t\t\t\ttry{var e=new Object,i=jQuery(window).width(),t=9999,r=0,n=0,l=0,f=0,s=0,h=0;\n\t\t\t\t\te.c = jQuery('#rev_slider_1_1');\n\t\t\t\t\te.gridwidth = [1974];\n\t\t\t\t\te.gridheight = [479];\n\t\t\t\t\t\t\t\n\t\t\t\t\te.sliderLayout = \"fullwidth\";\n\t\t\t\t\tif(e.responsiveLevels&&(jQuery.each(e.responsiveLevels,function(e,f){f>i&&(t=r=f,l=e),i>f&&f>r&&(r=f,n=e)}),t>r&&(l=n)),f=e.gridheight[l]||e.gridheight[0]||e.gridheight,s=e.gridwidth[l]||e.gridwidth[0]||e.gridwidth,h=i\/s,h=h>1?1:h,f=Math.round(h*f),\"fullscreen\"==e.sliderLayout){var u=(e.c.width(),jQuery(window).height());if(void 0!=e.fullScreenOffsetContainer){var c=e.fullScreenOffsetContainer.split(\",\");if (c) jQuery.each(c,function(e,i){u=jQuery(i).length>0?u-jQuery(i).outerHeight(!0):u}),e.fullScreenOffset.split(\"%\").length>1&&void 0!=e.fullScreenOffset&&e.fullScreenOffset.length>0?u-=jQuery(window).height()*parseInt(e.fullScreenOffset,0)\/100:void 0!=e.fullScreenOffset&&e.fullScreenOffset.length>0&&(u-=parseInt(e.fullScreenOffset,0))}f=u}else void 0!=e.minHeight&&f<e.minHeight&&(f=e.minHeight);e.c.closest(\".rev_slider_wrapper\").css({height:f})\n\t\t\t\t\t\n\t\t\t\t}catch(d){console.log(\"Failure at Presize of Slider:\"+d)}\n\t\t\t};\n\t\t\t\n\t\t\tsetREVStartSize();\n\t\t\t\n\t\t\t\t\t\tvar tpj=jQuery;\n\t\t\t\n\t\t\tvar revapi1;\n\t\t\ttpj(document).ready(function() {\n\t\t\t\tif(tpj(\"#rev_slider_1_1\").revolution == undefined){\n\t\t\t\t\trevslider_showDoubleJqueryError(\"#rev_slider_1_1\");\n\t\t\t\t}else{\n\t\t\t\t\trevapi1 = tpj(\"#rev_slider_1_1\").show().revolution({\n\t\t\t\t\t\tsliderType:\"standard\",\njsFileLocation:\"\/\/www.valentini-group.com\/wp-content\/plugins\/revslider\/public\/assets\/js\/\",\n\t\t\t\t\t\tsliderLayout:\"fullwidth\",\n\t\t\t\t\t\tdottedOverlay:\"none\",\n\t\t\t\t\t\tdelay:9000,\n\t\t\t\t\t\tnavigation: {\n\t\t\t\t\t\t\tonHoverStop:\"off\",\n\t\t\t\t\t\t},\n\t\t\t\t\t\tvisibilityLevels:[1240,1024,778,480],\n\t\t\t\t\t\tgridwidth:1974,\n\t\t\t\t\t\tgridheight:479,\n\t\t\t\t\t\tlazyType:\"none\",\n\t\t\t\t\t\tshadow:0,\n\t\t\t\t\t\tspinner:\"spinner0\",\n\t\t\t\t\t\tstopLoop:\"off\",\n\t\t\t\t\t\tstopAfterLoops:-1,\n\t\t\t\t\t\tstopAtSlide:-1,\n\t\t\t\t\t\tshuffle:\"off\",\n\t\t\t\t\t\tautoHeight:\"off\",\n\t\t\t\t\t\tdisableProgressBar:\"on\",\n\t\t\t\t\t\thideThumbsOnMobile:\"off\",\n\t\t\t\t\t\thideSliderAtLimit:0,\n\t\t\t\t\t\thideCaptionAtLimit:0,\n\t\t\t\t\t\thideAllCaptionAtLilmit:0,\n\t\t\t\t\t\tdebugMode:false,\n\t\t\t\t\t\tfallbacks: {\n\t\t\t\t\t\t\tsimplifyAll:\"off\",\n\t\t\t\t\t\t\tnextSlideOnWindowFocus:\"off\",\n\t\t\t\t\t\t\tdisableFocusListener:false,\n\t\t\t\t\t\t}\n\t\t\t\t\t});\n\t\t\t\t}\n\t\t\t});\t\/*ready*\/\n\t\t<\/script>\n\t\t<\/div><!-- END REVOLUTION SLIDER -->\n<div class=\"rowcategorie\">\n<div class=\"container\">\n<div class=\"col-md-3 col-sm-6\">\n\n<a href=\"https:\/\/www.valentini-group.com\/es\/categoria-producto\/maquinaria-para-agricultura\/\"><img loading=\"lazy\" class=\"alignnone size-full wp-image-10763\" src=\"https:\/\/www.valentini-group.com\/wp-content\/uploads\/2024\/01\/cat.agricoltura.png\" alt=\"\" width=\"300\" height=\"184\" \/><\/a>\n<h3 class=\"verde\"><a href=\"\/?product_cat=agricoltura\">Agricultura<\/a><\/h3>\n<div class=\"bianco\">Descubre nuestra gama de Rotocultivadores y Rastrillos Rotativos, ideales para preparar el lecho de siembra en la mayor\u00eda de terrenos cultivables.\nDisponibles con correderas o rodillo nivelador, seg\u00fan las necesidades del cliente. Elige el modelo Valentini seg\u00fan el tipo de trabajo, superficie y tractor disponible.<\/div>\n<\/div>\n<div class=\"col-md-3 col-sm-6\">\n\n<a href=\"https:\/\/www.valentini-group.com\/es\/categoria-producto\/maquinaria-para-horticultura\/\"><img loading=\"lazy\" class=\"alignnone size-full wp-image-10772\" src=\"https:\/\/www.valentini-group.com\/wp-content\/uploads\/2024\/01\/cat.orticoltura.png\" alt=\"\" width=\"300\" height=\"184\" \/><\/a>\n<h3 class=\"rosso\"><a href=\"\/?product_cat=orticoltura\">Horticultura<\/a><\/h3>\n<div class=\"bianco\">Explora nuestras Enterradoras, Rotocultivadores y Rastrillos Rotativos, dise\u00f1ados para la preparaci\u00f3n del lecho de siembra en campo abierto o invernadero.\nDisponibles con correderas, rodillo o acaballonador con medidas personalizadas. Encuentra el modelo m\u00e1s adecuado para tu terreno, cultivo y tractor.<\/div>\n<\/div>\n<div class=\"col-md-3 col-sm-6\">\n\n<a href=\"https:\/\/www.valentini-group.com\/es\/categoria-producto\/maquinaria-para-construcciones\/\"><img loading=\"lazy\" class=\"alignnone size-full wp-image-10766\" src=\"https:\/\/www.valentini-group.com\/wp-content\/uploads\/2024\/01\/cat.costruzione.png\" alt=\"\" width=\"300\" height=\"184\" \/><\/a>\n<h3 class=\"giallo\"><a href=\"\/?product_cat=costruzione\">Construcciones<\/a><\/h3>\n<div class=\"bianco\">Consulta nuestra gama de Trituradoras de piedras, ideales para uso agr\u00edcola y de construcci\u00f3n.\nTrituran rocas y escombros, nivelan caminos rurales, crean cortafuegos, parques y senderos. Escoge el modelo m\u00e1s eficaz para tu trabajo y maquinaria.<\/div>\n<\/div>\n<div class=\"col-md-3 col-sm-6\">\n\n<a href=\"https:\/\/www.valentini-group.com\/es\/categoria-producto\/maquinaria-forestales\/\"><img loading=\"lazy\" class=\"alignnone size-full wp-image-10769\" src=\"https:\/\/www.valentini-group.com\/wp-content\/uploads\/2024\/01\/cat.forestale.png\" alt=\"\" width=\"300\" height=\"184\" \/><\/a>\n<h3 class=\"grigio\"><a href=\"\/?product_cat=forestale\">Forestales<\/a><\/h3>\n<div class=\"bianco\">M\u00e1quinas robustas para trabajos forestales: fresado profundo de tocones, trituraci\u00f3n de piedras y limpieza de terrenos.\nPerfectas para cortafuegos, senderos y \u00e1reas verdes. Valentini ofrece la soluci\u00f3n ideal seg\u00fan tus necesidades y el tractor disponible.<\/div>\n<\/div>\n<\/div>\n<\/div>\n<div class=\"container\">\n<div class=\"paddingrow\">\n<h2 class=\"style1\">Nuestra <span class=\"testogiallo\">Propuesta<\/span><\/h2>\n<\/div>\n<div class=\"row\">\n<div class=\"col-md-6\">\n<div class=\"iconbox\">\n<div class=\"box-header\">\n<div class=\"box-icon\"><img loading=\"lazy\" class=\"alignnone size-full wp-image-893\" src=\"https:\/\/www.valentini-group.com\/wp-content\/uploads\/2014\/10\/personalizzazione.png\" alt=\"personalizzazione\" width=\"111\" height=\"111\" \/><\/div>\n<h3 class=\"box-title\"><a href=\"https:\/\/www.valentini-group.com\/es\/personalizacion\/\">Personalizaci\u00f3n<\/a><\/h3>\n<\/div>\n<div class=\"box-content\">\n\nDesde mediados de los a\u00f1os 70, el per\u00edodo de fundaci\u00f3n de nuestra empresa, la marca VALENTINI est\u00e1 ligada a los profesionales agr\u00edcolas.\n\n<\/div>\n<\/div>\n<\/div>\n<div class=\"col-md-6\">\n<div class=\"iconbox\">\n<div class=\"box-header\">\n<div class=\"box-icon\"><img loading=\"lazy\" class=\"alignnone size-full wp-image-925\" src=\"https:\/\/www.valentini-group.com\/wp-content\/uploads\/2014\/10\/ricerca.png\" alt=\"ricerca\" width=\"111\" height=\"111\" \/><\/div>\n<h3 class=\"box-title\"><a href=\"https:\/\/www.valentini-group.com\/es\/investigacion-continua\/\">Investigaci\u00f3n continua<\/a><\/h3>\n<\/div>\n<div class=\"box-content\">\n\nDesarrollamos nuevos proyectos y siempre innovar m\u00e1s para mejorar y para crear el nuevo incluso para diferentes sectores.\n\n<\/div>\n<\/div>\n<\/div>\n<\/div>\n<div class=\"row\">\n<div class=\"col-md-6\">\n<div class=\"iconbox\">\n<div class=\"box-header\">\n<div class=\"box-icon\"><img loading=\"lazy\" class=\"alignnone size-full wp-image-926\" src=\"https:\/\/www.valentini-group.com\/wp-content\/uploads\/2014\/10\/assistenza.png\" alt=\"assistenza\" width=\"111\" height=\"111\" \/><\/div>\n<h3 class=\"box-title\">Servicio post-venta<\/h3>\n<\/div>\n<div class=\"box-content\">\n\nOfrecemos a nuestros clientes un servicio post-venta excelente, les ofrecen toda nuestra experiencia.\n\n<\/div>\n<\/div>\n<\/div>\n<div class=\"col-md-6\">\n<div class=\"iconbox\">\n<div class=\"box-header\">\n<div class=\"box-icon\"><img loading=\"lazy\" class=\"alignnone size-full wp-image-927\" src=\"https:\/\/www.valentini-group.com\/wp-content\/uploads\/2014\/10\/qualita.png\" alt=\"M\u00e1xima Calidad\" width=\"111\" height=\"111\" \/><\/div>\n<h3 class=\"box-title\"><a href=\"https:\/\/www.valentini-group.com\/es\/maxima-calidad\/\">M\u00e1xima Calidad<\/a><\/h3>\n<\/div>\n<div class=\"box-content\">\n\nDespu\u00e9s de 50 a\u00f1os de intensa actividad, el sue\u00f1o es siempre el mismo: proporcionar a los clientes la m\u00e1s alta calidad y un rendimiento m\u00e1ximo.\n\n<\/div>\n<\/div>\n<\/div>\n<\/div>\n<\/div>\n<div class=\"bgpar\">\n<div class=\"container\">\n<div class=\"row\">\n<div class=\"col-md-6\"><img class=\"img-responsive\" src=\"https:\/\/www.valentini-group.com\/wp-content\/uploads\/2014\/10\/field.png\" alt=\"field\" \/><\/div>\n<div class=\"col-md-6\">\n<h3>M\u00e1s de 50 a\u00f1os de innovaci\u00f3n<\/h3>\n<div class=\"bianco\">\n\nUn Made in Italy que la empresa tiene desde 1973 mediante la promoci\u00f3n de la investigaci\u00f3n, la innovaci\u00f3n tecnol\u00f3gica, la versatilidad en la construcci\u00f3n de sus propias m\u00e1quinas agr\u00edcolas.\n\nproductos de vanguardia construidos con alta resistencia materiales de calidad de acero microaleados para la protecci\u00f3n de excelente rendimiento y durabilidad.\n\nUn \u00e9xito garantizado que Valentini ha construido a trav\u00e9s del tiempo, con el objetivo de satisfacci\u00f3n de sus clientes y su experiencia se convierte en un tesoro de todos.\n\n<\/div>\n<\/div>\n<\/div>\n<\/div>\n<\/div>\n<div class=\"container\">\n<h2 class=\"style1\">Valentini <span class=\"testogiallo\">en el mundo<\/span><\/h2>\n<\/div>","protected":false},"excerpt":{"rendered":"<p>Agricultura Descubre nuestra gama de Rotocultivadores y Rastrillos Rotativos, ideales para preparar el lecho de siembra en la mayor\u00eda de terrenos cultivables. Disponibles con correderas o rodillo nivelador, seg\u00fan las necesidades del cliente. Elige el modelo Valentini seg\u00fan el tipo de trabajo, superficie y tractor disponible. Horticultura Explora nuestras Enterradoras, Rotocultivadores y Rastrillos Rotativos, dise\u00f1ados [&hellip;]<\/p>\n","protected":false},"author":1,"featured_media":0,"parent":0,"menu_order":0,"comment_status":"open","ping_status":"open","template":"page-home.php","meta":[],"_links":{"self":[{"href":"https:\/\/www.valentini-group.com\/es\/wp-json\/wp\/v2\/pages\/2944"}],"collection":[{"href":"https:\/\/www.valentini-group.com\/es\/wp-json\/wp\/v2\/pages"}],"about":[{"href":"https:\/\/www.valentini-group.com\/es\/wp-json\/wp\/v2\/types\/page"}],"author":[{"embeddable":true,"href":"https:\/\/www.valentini-group.com\/es\/wp-json\/wp\/v2\/users\/1"}],"replies":[{"embeddable":true,"href":"https:\/\/www.valentini-group.com\/es\/wp-json\/wp\/v2\/comments?post=2944"}],"version-history":[{"count":25,"href":"https:\/\/www.valentini-group.com\/es\/wp-json\/wp\/v2\/pages\/2944\/revisions"}],"predecessor-version":[{"id":18900,"href":"https:\/\/www.valentini-group.com\/es\/wp-json\/wp\/v2\/pages\/2944\/revisions\/18900"}],"wp:attachment":[{"href":"https:\/\/www.valentini-group.com\/es\/wp-json\/wp\/v2\/media?parent=2944"}],"curies":[{"name":"wp","href":"https:\/\/api.w.org\/{rel}","templated":true}]}}